{"id":4669,"date":"2026-01-06T21:07:45","date_gmt":"2026-01-06T19:07:45","guid":{"rendered":"https:\/\/retkilemi.fi\/?post_type=product&#038;p=4669"},"modified":"2026-01-06T21:07:45","modified_gmt":"2026-01-06T19:07:45","slug":"tyrehdytysjauhe-14-g","status":"publish","type":"product","link":"https:\/\/retkilemi.fi\/?product=tyrehdytysjauhe-14-g","title":{"rendered":"Tyrehdytysjauhe, 14 g"},"content":{"rendered":"<p>Voi olla vaikeaa n\u00e4hd\u00e4, mist\u00e4 kohtaa koiran kynsi tulisi leikata. Erityisesti n\u00e4in on tummat kynnet omaavien lemmikkien kohdalla. Vaikka olisit kuinka varovainen, vahinkoja voi toisinaan tapahtua ja sakset osuvat kynnen ytimeen aiheuttaen verenvuodon.<\/p>\n<p>Show Tech Nail Fix Styptic Powder Tyrehdytysjauhe on hemostaattinen jauhe, joka auttaa tyrehdytt\u00e4m\u00e4\u00e4n kynnen verenvuodon nopeasti ja kivuttomasti. Se sopii kaikille lemmikeille koirista ja kissoista jyrsij\u00f6ihin ja kaneihin.<\/p>\n<p><b>K\u00e4ytt\u00f6:<\/b><\/p>\n<p>Levit\u00e4 ripaus hemostaattista jauhetta vuotavaan kohtaan tai kasta kynsi pieneen m\u00e4\u00e4r\u00e4\u00e4n jauhetta. Paina kynnen k\u00e4rke\u00e4, kunnes\u00a0verenvuoto tyrehtyy. Verenvuodon pys\u00e4ytt\u00e4miseksi on t\u00e4rke\u00e4\u00e4 painaa kyntt\u00e4 eik\u00e4 hieroa sit\u00e4, sill\u00e4 hankaaminen voi est\u00e4\u00e4 veren hyytymisen ja pahentaa vuotoa. \u00c4l\u00e4 k\u00e4yt\u00e4 tyrehdytysjauhetta syviin haavoihin, kehon onteloihin tai palovammoihin. Jos verenvuoto ei lopu, suosittelemme ottamaan yhteytt\u00e4 el\u00e4inl\u00e4\u00e4k\u00e4riin.<\/p>\n<p>S\u00e4ilyt\u00e4 tyrehdytysjauhepurkki tiiviisti suljettuna\u00a0kuivassa paikassa. \u00c4l\u00e4 anna lemmikkisi nuolla jauhetta. Haitallista nieltyn\u00e4. Aiheuttaa vakavaa silm\u00e4-\u00e4rsytyst\u00e4. Aiheuttaa korroosiota metalliin &#8211; pid\u00e4 erill\u00e4\u00e4n saksista ja terist\u00e4.<\/p>\n<p><b>Koko:\u00a0<\/b>14 g<\/p>\n","protected":false},"excerpt":{"rendered":"<p>Voi olla vaikeaa n\u00e4hd\u00e4, mist\u00e4 kohtaa koiran kynsi tulisi leikata. Erityisesti n\u00e4in on tummat kynnet omaavien lemmikkien kohdalla. Vaikka olisit kuinka varovainen, vahinkoja voi toisinaan tapahtua ja sakset osuvat kynnen ytimeen aiheuttaen verenvuodon. Show Tech Nail Fix Styptic Powder Tyrehdytysjauhe on hemostaattinen jauhe, joka auttaa tyrehdytt\u00e4m\u00e4\u00e4n kynnen verenvuodon nopeasti ja kivuttomasti. Se sopii kaikille lemmikeille &hellip; <\/p>\n<p class=\"more-link-wrap\"><a href=\"https:\/\/retkilemi.fi\/?product=tyrehdytysjauhe-14-g\" class=\"more-link\"><span>Read More<span class=\"screen-reader-text\"> &#8221;Tyrehdytysjauhe, 14 g&#8221;<\/span><\/span><\/a><\/p>\n","protected":false},"featured_media":4670,"comment_status":"open","ping_status":"closed","template":"","meta":{"inline_featured_image":false},"product_brand":[],"product_cat":[519],"product_tag":[496,607],"class_list":{"0":"post-4669","1":"product","2":"type-product","3":"status-publish","4":"has-post-thumbnail","6":"product_cat-turkin-hoito","7":"product_tag-tyrehdytys","8":"product_tag-tyrehdytysjauhe","10":"first","11":"instock","12":"sale","13":"taxable","14":"shipping-taxable","15":"purchasable","16":"product-type-simple"},"_links":{"self":[{"href":"https:\/\/retkilemi.fi\/index.php?rest_route=\/wp\/v2\/product\/4669","targetHints":{"allow":["GET"]}}],"collection":[{"href":"https:\/\/retkilemi.fi\/index.php?rest_route=\/wp\/v2\/product"}],"about":[{"href":"https:\/\/retkilemi.fi\/index.php?rest_route=\/wp\/v2\/types\/product"}],"replies":[{"embeddable":true,"href":"https:\/\/retkilemi.fi\/index.php?rest_route=%2Fwp%2Fv2%2Fcomments&post=4669"}],"wp:featuredmedia":[{"embeddable":true,"href":"https:\/\/retkilemi.fi\/index.php?rest_route=\/wp\/v2\/media\/4670"}],"wp:attachment":[{"href":"https:\/\/retkilemi.fi\/index.php?rest_route=%2Fwp%2Fv2%2Fmedia&parent=4669"}],"wp:term":[{"taxonomy":"product_brand","embeddable":true,"href":"https:\/\/retkilemi.fi\/index.php?rest_route=%2Fwp%2Fv2%2Fproduct_brand&post=4669"},{"taxonomy":"product_cat","embeddable":true,"href":"https:\/\/retkilemi.fi\/index.php?rest_route=%2Fwp%2Fv2%2Fproduct_cat&post=4669"},{"taxonomy":"product_tag","embeddable":true,"href":"https:\/\/retkilemi.fi\/index.php?rest_route=%2Fwp%2Fv2%2Fproduct_tag&post=4669"}],"curies":[{"name":"wp","href":"https:\/\/api.w.org\/{rel}","templated":true}]}}